{"id":3081,"date":"2026-03-09T11:24:34","date_gmt":"2026-03-09T11:24:34","guid":{"rendered":"https:\/\/fdartgallery.com\/?post_type=product&#038;p=3081"},"modified":"2026-03-09T11:24:34","modified_gmt":"2026-03-09T11:24:34","slug":"yelkenli","status":"publish","type":"product","link":"https:\/\/fdartgallery.com\/?product=yelkenli","title":{"rendered":"&#8216;Yelkenli&#8217;"},"content":{"rendered":"<p>G\u00f6ky\u00fcz\u00fc ve denizin birbirine kar\u0131\u015ft\u0131\u011f\u0131 o sonsuz an\u0131 betimleyen bu \u00e7al\u0131\u015fma, yumu\u015fak dokusuyla dikkat \u00e7ekiyor. Yelkenlinin r\u00fczgarla dolan formlar\u0131, mekana dinamik ve \u00f6zg\u00fcr bir enerji kat\u0131yor.<br \/>\n\u200bKullan\u0131m Alanlar\u0131: Yazl\u0131k evler, banyolar veya huzur arad\u0131\u011f\u0131n\u0131z dinlenme k\u00f6\u015feleri i\u00e7in ideal bir tamamlay\u0131c\u0131d\u0131r.<\/p>\n","protected":false},"excerpt":{"rendered":"<p>&#8230;<\/p>\n","protected":false},"featured_media":3082,"comment_status":"open","ping_status":"closed","template":"","meta":[],"etheme_brands":[{"term_id":61,"name":"Fd Sanat Okulu","slug":"fd-sanat-okulu","term_group":0,"term_taxonomy_id":61,"taxonomy":"brand","description":"","parent":0,"count":173,"filter":"raw"}],"product_brand":[],"product_cat":[27,65],"product_tag":[],"class_list":{"0":"post-3081","1":"product","2":"type-product","3":"status-publish","4":"has-post-thumbnail","6":"brand-fd-sanat-okulu","7":"product_cat-pastel","8":"product_cat-peyzaj-pastel","10":"first","11":"instock","12":"shipping-taxable","13":"purchasable","14":"product-type-simple"},"jetpack_sharing_enabled":true,"_links":{"self":[{"href":"https:\/\/fdartgallery.com\/index.php?rest_route=\/wp\/v2\/product\/3081","targetHints":{"allow":["GET"]}}],"collection":[{"href":"https:\/\/fdartgallery.com\/index.php?rest_route=\/wp\/v2\/product"}],"about":[{"href":"https:\/\/fdartgallery.com\/index.php?rest_route=\/wp\/v2\/types\/product"}],"replies":[{"embeddable":true,"href":"https:\/\/fdartgallery.com\/index.php?rest_route=%2Fwp%2Fv2%2Fcomments&post=3081"}],"version-history":[{"count":1,"href":"https:\/\/fdartgallery.com\/index.php?rest_route=\/wp\/v2\/product\/3081\/revisions"}],"predecessor-version":[{"id":3083,"href":"https:\/\/fdartgallery.com\/index.php?rest_route=\/wp\/v2\/product\/3081\/revisions\/3083"}],"wp:featuredmedia":[{"embeddable":true,"href":"https:\/\/fdartgallery.com\/index.php?rest_route=\/wp\/v2\/media\/3082"}],"wp:attachment":[{"href":"https:\/\/fdartgallery.com\/index.php?rest_route=%2Fwp%2Fv2%2Fmedia&parent=3081"}],"wp:term":[{"taxonomy":"brand","embeddable":true,"href":"https:\/\/fdartgallery.com\/index.php?rest_route=%2Fwp%2Fv2%2Fetheme_brands&post=3081"},{"taxonomy":"product_brand","embeddable":true,"href":"https:\/\/fdartgallery.com\/index.php?rest_route=%2Fwp%2Fv2%2Fproduct_brand&post=3081"},{"taxonomy":"product_cat","embeddable":true,"href":"https:\/\/fdartgallery.com\/index.php?rest_route=%2Fwp%2Fv2%2Fproduct_cat&post=3081"},{"taxonomy":"product_tag","embeddable":true,"href":"https:\/\/fdartgallery.com\/index.php?rest_route=%2Fwp%2Fv2%2Fproduct_tag&post=3081"}],"curies":[{"name":"wp","href":"https:\/\/api.w.org\/{rel}","templated":true}]}}