{"id":3084,"date":"2026-03-09T11:30:24","date_gmt":"2026-03-09T11:30:24","guid":{"rendered":"https:\/\/fdartgallery.com\/?post_type=product&#038;p=3084"},"modified":"2026-03-09T11:30:24","modified_gmt":"2026-03-09T11:30:24","slug":"kucuk-gezgin","status":"publish","type":"product","link":"https:\/\/fdartgallery.com\/?product=kucuk-gezgin","title":{"rendered":"&#8216;K\u00fc\u00e7\u00fck Gezgin&#8217;"},"content":{"rendered":"<p>Masumiyeti ve merak\u0131 temsil eden bu sevimli fil fig\u00fcr\u00fc, pastel tonlar\u0131n yumu\u015fakl\u0131\u011f\u0131yla birle\u015fiyor. Suluboya lekeleriyle modern bir hava kazanan bu karakter, izleyicide tebess\u00fcm b\u0131rak\u0131yor.<br \/>\n\u200bKullan\u0131m Alan\u0131: \u00c7ocuk odalar\u0131, kre\u015fler veya evinizdeki ne\u015feli bir k\u00f6\u015fe i\u00e7in \u00e7ok uygun.<\/p>\n","protected":false},"excerpt":{"rendered":"<p>&#8230;<\/p>\n","protected":false},"featured_media":3085,"comment_status":"open","ping_status":"closed","template":"","meta":[],"etheme_brands":[{"term_id":61,"name":"Fd Sanat Okulu","slug":"fd-sanat-okulu","term_group":0,"term_taxonomy_id":61,"taxonomy":"brand","description":"","parent":0,"count":173,"filter":"raw"}],"product_brand":[],"product_cat":[43,77],"product_tag":[],"class_list":{"0":"post-3084","1":"product","2":"type-product","3":"status-publish","4":"has-post-thumbnail","6":"brand-fd-sanat-okulu","7":"product_cat-water-color","8":"product_cat-figuratif-konulu","10":"first","11":"instock","12":"shipping-taxable","13":"purchasable","14":"product-type-simple"},"jetpack_sharing_enabled":true,"_links":{"self":[{"href":"https:\/\/fdartgallery.com\/index.php?rest_route=\/wp\/v2\/product\/3084","targetHints":{"allow":["GET"]}}],"collection":[{"href":"https:\/\/fdartgallery.com\/index.php?rest_route=\/wp\/v2\/product"}],"about":[{"href":"https:\/\/fdartgallery.com\/index.php?rest_route=\/wp\/v2\/types\/product"}],"replies":[{"embeddable":true,"href":"https:\/\/fdartgallery.com\/index.php?rest_route=%2Fwp%2Fv2%2Fcomments&post=3084"}],"version-history":[{"count":1,"href":"https:\/\/fdartgallery.com\/index.php?rest_route=\/wp\/v2\/product\/3084\/revisions"}],"predecessor-version":[{"id":3086,"href":"https:\/\/fdartgallery.com\/index.php?rest_route=\/wp\/v2\/product\/3084\/revisions\/3086"}],"wp:featuredmedia":[{"embeddable":true,"href":"https:\/\/fdartgallery.com\/index.php?rest_route=\/wp\/v2\/media\/3085"}],"wp:attachment":[{"href":"https:\/\/fdartgallery.com\/index.php?rest_route=%2Fwp%2Fv2%2Fmedia&parent=3084"}],"wp:term":[{"taxonomy":"brand","embeddable":true,"href":"https:\/\/fdartgallery.com\/index.php?rest_route=%2Fwp%2Fv2%2Fetheme_brands&post=3084"},{"taxonomy":"product_brand","embeddable":true,"href":"https:\/\/fdartgallery.com\/index.php?rest_route=%2Fwp%2Fv2%2Fproduct_brand&post=3084"},{"taxonomy":"product_cat","embeddable":true,"href":"https:\/\/fdartgallery.com\/index.php?rest_route=%2Fwp%2Fv2%2Fproduct_cat&post=3084"},{"taxonomy":"product_tag","embeddable":true,"href":"https:\/\/fdartgallery.com\/index.php?rest_route=%2Fwp%2Fv2%2Fproduct_tag&post=3084"}],"curies":[{"name":"wp","href":"https:\/\/api.w.org\/{rel}","templated":true}]}}