{"id":3087,"date":"2026-03-09T11:33:19","date_gmt":"2026-03-09T11:33:19","guid":{"rendered":"https:\/\/fdartgallery.com\/?post_type=product&#038;p=3087"},"modified":"2026-03-09T13:22:50","modified_gmt":"2026-03-09T13:22:50","slug":"sun-and-light","status":"publish","type":"product","link":"https:\/\/fdartgallery.com\/?product=sun-and-light","title":{"rendered":"&#8216;Sun and Light&#8217;"},"content":{"rendered":"<p>Yo\u011fun f\u0131r\u00e7a darbeleri ve belirgin dokusuyla denizin \u00fczerindeki g\u00fcne\u015f par\u0131lt\u0131s\u0131n\u0131 hissettiren bir eser. Mavinin derinli\u011fi ile alt\u0131n sar\u0131s\u0131n\u0131n kontrast\u0131, duvar\u0131n\u0131zda g\u00fc\u00e7l\u00fc bir odak noktas\u0131 olu\u015fturur.<br \/>\n\u200bKullan\u0131m Alan\u0131: Salonun ana duvar\u0131 veya ofis gibi prestijli alanlarda geni\u015f \u00e7er\u00e7evelerle kullan\u0131labilir.<\/p>\n","protected":false},"excerpt":{"rendered":"<p>&#8230;<\/p>\n","protected":false},"featured_media":3088,"comment_status":"open","ping_status":"closed","template":"","meta":[],"etheme_brands":[{"term_id":61,"name":"Fd Sanat Okulu","slug":"fd-sanat-okulu","term_group":0,"term_taxonomy_id":61,"taxonomy":"brand","description":"","parent":0,"count":173,"filter":"raw"}],"product_brand":[],"product_cat":[41,70],"product_tag":[],"class_list":{"0":"post-3087","1":"product","2":"type-product","3":"status-publish","4":"has-post-thumbnail","6":"brand-fd-sanat-okulu","7":"product_cat-oil","8":"product_cat-peyzaj-oil","10":"first","11":"instock","12":"shipping-taxable","13":"purchasable","14":"product-type-simple"},"jetpack_sharing_enabled":true,"_links":{"self":[{"href":"https:\/\/fdartgallery.com\/index.php?rest_route=\/wp\/v2\/product\/3087","targetHints":{"allow":["GET"]}}],"collection":[{"href":"https:\/\/fdartgallery.com\/index.php?rest_route=\/wp\/v2\/product"}],"about":[{"href":"https:\/\/fdartgallery.com\/index.php?rest_route=\/wp\/v2\/types\/product"}],"replies":[{"embeddable":true,"href":"https:\/\/fdartgallery.com\/index.php?rest_route=%2Fwp%2Fv2%2Fcomments&post=3087"}],"version-history":[{"count":1,"href":"https:\/\/fdartgallery.com\/index.php?rest_route=\/wp\/v2\/product\/3087\/revisions"}],"predecessor-version":[{"id":3089,"href":"https:\/\/fdartgallery.com\/index.php?rest_route=\/wp\/v2\/product\/3087\/revisions\/3089"}],"wp:featuredmedia":[{"embeddable":true,"href":"https:\/\/fdartgallery.com\/index.php?rest_route=\/wp\/v2\/media\/3088"}],"wp:attachment":[{"href":"https:\/\/fdartgallery.com\/index.php?rest_route=%2Fwp%2Fv2%2Fmedia&parent=3087"}],"wp:term":[{"taxonomy":"brand","embeddable":true,"href":"https:\/\/fdartgallery.com\/index.php?rest_route=%2Fwp%2Fv2%2Fetheme_brands&post=3087"},{"taxonomy":"product_brand","embeddable":true,"href":"https:\/\/fdartgallery.com\/index.php?rest_route=%2Fwp%2Fv2%2Fproduct_brand&post=3087"},{"taxonomy":"product_cat","embeddable":true,"href":"https:\/\/fdartgallery.com\/index.php?rest_route=%2Fwp%2Fv2%2Fproduct_cat&post=3087"},{"taxonomy":"product_tag","embeddable":true,"href":"https:\/\/fdartgallery.com\/index.php?rest_route=%2Fwp%2Fv2%2Fproduct_tag&post=3087"}],"curies":[{"name":"wp","href":"https:\/\/api.w.org\/{rel}","templated":true}]}}