{"id":3093,"date":"2026-03-09T11:38:02","date_gmt":"2026-03-09T11:38:02","guid":{"rendered":"https:\/\/fdartgallery.com\/?post_type=product&#038;p=3093"},"modified":"2026-03-09T11:38:03","modified_gmt":"2026-03-09T11:38:03","slug":"pink-rose","status":"publish","type":"product","link":"https:\/\/fdartgallery.com\/?product=pink-rose","title":{"rendered":"&#8216;Pink Rose&#8217;"},"content":{"rendered":"<p>Suluboyan\u0131n \u015feffaf ve ak\u0131\u015fkan do\u011fas\u0131yla hayat bulan bu \u00e7al\u0131\u015fma, pembe g\u00fcllerin zarafetini yumu\u015fak ge\u00e7i\u015flerle sunuyor. Minimalist tarz\u0131yla bulundu\u011fu ortama huzur ve tazelik katmas\u0131 i\u00e7in tasarland\u0131.<br \/>\n\u200bKullan\u0131m Alan\u0131: Yatak odas\u0131, \u00e7al\u0131\u015fma masas\u0131 arkas\u0131 veya ayd\u0131nl\u0131k bir antre i\u00e7in idealdir.<\/p>\n","protected":false},"excerpt":{"rendered":"<p>&#8230;<\/p>\n","protected":false},"featured_media":3094,"comment_status":"open","ping_status":"closed","template":"","meta":[],"etheme_brands":[{"term_id":61,"name":"Fd Sanat Okulu","slug":"fd-sanat-okulu","term_group":0,"term_taxonomy_id":61,"taxonomy":"brand","description":"","parent":0,"count":173,"filter":"raw"}],"product_brand":[],"product_cat":[43,73],"product_tag":[],"class_list":{"0":"post-3093","1":"product","2":"type-product","3":"status-publish","4":"has-post-thumbnail","6":"brand-fd-sanat-okulu","7":"product_cat-water-color","8":"product_cat-vazoda-cicekler-konulu","10":"first","11":"instock","12":"shipping-taxable","13":"purchasable","14":"product-type-simple"},"jetpack_sharing_enabled":true,"_links":{"self":[{"href":"https:\/\/fdartgallery.com\/index.php?rest_route=\/wp\/v2\/product\/3093","targetHints":{"allow":["GET"]}}],"collection":[{"href":"https:\/\/fdartgallery.com\/index.php?rest_route=\/wp\/v2\/product"}],"about":[{"href":"https:\/\/fdartgallery.com\/index.php?rest_route=\/wp\/v2\/types\/product"}],"replies":[{"embeddable":true,"href":"https:\/\/fdartgallery.com\/index.php?rest_route=%2Fwp%2Fv2%2Fcomments&post=3093"}],"version-history":[{"count":1,"href":"https:\/\/fdartgallery.com\/index.php?rest_route=\/wp\/v2\/product\/3093\/revisions"}],"predecessor-version":[{"id":3095,"href":"https:\/\/fdartgallery.com\/index.php?rest_route=\/wp\/v2\/product\/3093\/revisions\/3095"}],"wp:featuredmedia":[{"embeddable":true,"href":"https:\/\/fdartgallery.com\/index.php?rest_route=\/wp\/v2\/media\/3094"}],"wp:attachment":[{"href":"https:\/\/fdartgallery.com\/index.php?rest_route=%2Fwp%2Fv2%2Fmedia&parent=3093"}],"wp:term":[{"taxonomy":"brand","embeddable":true,"href":"https:\/\/fdartgallery.com\/index.php?rest_route=%2Fwp%2Fv2%2Fetheme_brands&post=3093"},{"taxonomy":"product_brand","embeddable":true,"href":"https:\/\/fdartgallery.com\/index.php?rest_route=%2Fwp%2Fv2%2Fproduct_brand&post=3093"},{"taxonomy":"product_cat","embeddable":true,"href":"https:\/\/fdartgallery.com\/index.php?rest_route=%2Fwp%2Fv2%2Fproduct_cat&post=3093"},{"taxonomy":"product_tag","embeddable":true,"href":"https:\/\/fdartgallery.com\/index.php?rest_route=%2Fwp%2Fv2%2Fproduct_tag&post=3093"}],"curies":[{"name":"wp","href":"https:\/\/api.w.org\/{rel}","templated":true}]}}