{"id":3099,"date":"2026-03-09T11:42:11","date_gmt":"2026-03-09T11:42:11","guid":{"rendered":"https:\/\/fdartgallery.com\/?post_type=product&#038;p=3099"},"modified":"2026-03-09T13:22:15","modified_gmt":"2026-03-09T13:22:15","slug":"gol-kiyisinda-eylul","status":"publish","type":"product","link":"https:\/\/fdartgallery.com\/?product=gol-kiyisinda-eylul","title":{"rendered":"&#8216;G\u00f6l K\u0131y\u0131s\u0131nda Eyl\u00fcl&#8217;"},"content":{"rendered":"<p>Sonbahar\u0131n s\u0131cak renklerini suyun durgunlu\u011fuyla bulu\u015fturan bir manzara. Renklerin suya yans\u0131mas\u0131, do\u011fan\u0131n dinginli\u011fini ya\u015fam alan\u0131n\u0131za ta\u015f\u0131yor.<br \/>\n\u200bKullan\u0131m Alan\u0131: Kitap okuma k\u00f6\u015feleri veya yemek odas\u0131 gibi sakinlik aranan alanlar i\u00e7in birebir.<\/p>\n","protected":false},"excerpt":{"rendered":"<p>&#8230;<\/p>\n","protected":false},"featured_media":3100,"comment_status":"open","ping_status":"closed","template":"","meta":[],"etheme_brands":[{"term_id":61,"name":"Fd Sanat Okulu","slug":"fd-sanat-okulu","term_group":0,"term_taxonomy_id":61,"taxonomy":"brand","description":"","parent":0,"count":173,"filter":"raw"}],"product_brand":[],"product_cat":[27,65],"product_tag":[],"class_list":{"0":"post-3099","1":"product","2":"type-product","3":"status-publish","4":"has-post-thumbnail","6":"brand-fd-sanat-okulu","7":"product_cat-pastel","8":"product_cat-peyzaj-pastel","10":"first","11":"instock","12":"shipping-taxable","13":"purchasable","14":"product-type-simple"},"jetpack_sharing_enabled":true,"_links":{"self":[{"href":"https:\/\/fdartgallery.com\/index.php?rest_route=\/wp\/v2\/product\/3099","targetHints":{"allow":["GET"]}}],"collection":[{"href":"https:\/\/fdartgallery.com\/index.php?rest_route=\/wp\/v2\/product"}],"about":[{"href":"https:\/\/fdartgallery.com\/index.php?rest_route=\/wp\/v2\/types\/product"}],"replies":[{"embeddable":true,"href":"https:\/\/fdartgallery.com\/index.php?rest_route=%2Fwp%2Fv2%2Fcomments&post=3099"}],"version-history":[{"count":1,"href":"https:\/\/fdartgallery.com\/index.php?rest_route=\/wp\/v2\/product\/3099\/revisions"}],"predecessor-version":[{"id":3101,"href":"https:\/\/fdartgallery.com\/index.php?rest_route=\/wp\/v2\/product\/3099\/revisions\/3101"}],"wp:featuredmedia":[{"embeddable":true,"href":"https:\/\/fdartgallery.com\/index.php?rest_route=\/wp\/v2\/media\/3100"}],"wp:attachment":[{"href":"https:\/\/fdartgallery.com\/index.php?rest_route=%2Fwp%2Fv2%2Fmedia&parent=3099"}],"wp:term":[{"taxonomy":"brand","embeddable":true,"href":"https:\/\/fdartgallery.com\/index.php?rest_route=%2Fwp%2Fv2%2Fetheme_brands&post=3099"},{"taxonomy":"product_brand","embeddable":true,"href":"https:\/\/fdartgallery.com\/index.php?rest_route=%2Fwp%2Fv2%2Fproduct_brand&post=3099"},{"taxonomy":"product_cat","embeddable":true,"href":"https:\/\/fdartgallery.com\/index.php?rest_route=%2Fwp%2Fv2%2Fproduct_cat&post=3099"},{"taxonomy":"product_tag","embeddable":true,"href":"https:\/\/fdartgallery.com\/index.php?rest_route=%2Fwp%2Fv2%2Fproduct_tag&post=3099"}],"curies":[{"name":"wp","href":"https:\/\/api.w.org\/{rel}","templated":true}]}}