{"id":3102,"date":"2026-03-09T11:45:02","date_gmt":"2026-03-09T11:45:02","guid":{"rendered":"https:\/\/fdartgallery.com\/?post_type=product&#038;p=3102"},"modified":"2026-03-09T11:45:02","modified_gmt":"2026-03-09T11:45:02","slug":"ruya","status":"publish","type":"product","link":"https:\/\/fdartgallery.com\/?product=ruya","title":{"rendered":"&#8216;R\u00fcya&#8217;"},"content":{"rendered":"<p>\u0130nce i\u015f\u00e7ilikle detayland\u0131r\u0131lan bu kelebek fig\u00fcr\u00fc, mor ve mavinin en narin tonlar\u0131n\u0131 bar\u0131nd\u0131r\u0131yor. Eskiz tad\u0131ndaki \u00e7izgileriyle hem do\u011fal hem de sanatsal bir duru\u015f sergiliyor.<br \/>\n\u200bKullan\u0131m Alan\u0131: Dar duvarlar, raf aralar\u0131 veya di\u011fer do\u011fa temal\u0131 tablolarla olu\u015fturulacak bir galeri duvar\u0131.<\/p>\n","protected":false},"excerpt":{"rendered":"<p>&#8230;<\/p>\n","protected":false},"featured_media":3103,"comment_status":"open","ping_status":"closed","template":"","meta":[],"etheme_brands":[{"term_id":61,"name":"Fd Sanat Okulu","slug":"fd-sanat-okulu","term_group":0,"term_taxonomy_id":61,"taxonomy":"brand","description":"","parent":0,"count":173,"filter":"raw"}],"product_brand":[],"product_cat":[43,77],"product_tag":[],"class_list":{"0":"post-3102","1":"product","2":"type-product","3":"status-publish","4":"has-post-thumbnail","6":"brand-fd-sanat-okulu","7":"product_cat-water-color","8":"product_cat-figuratif-konulu","10":"first","11":"instock","12":"shipping-taxable","13":"purchasable","14":"product-type-simple"},"jetpack_sharing_enabled":true,"_links":{"self":[{"href":"https:\/\/fdartgallery.com\/index.php?rest_route=\/wp\/v2\/product\/3102","targetHints":{"allow":["GET"]}}],"collection":[{"href":"https:\/\/fdartgallery.com\/index.php?rest_route=\/wp\/v2\/product"}],"about":[{"href":"https:\/\/fdartgallery.com\/index.php?rest_route=\/wp\/v2\/types\/product"}],"replies":[{"embeddable":true,"href":"https:\/\/fdartgallery.com\/index.php?rest_route=%2Fwp%2Fv2%2Fcomments&post=3102"}],"version-history":[{"count":1,"href":"https:\/\/fdartgallery.com\/index.php?rest_route=\/wp\/v2\/product\/3102\/revisions"}],"predecessor-version":[{"id":3104,"href":"https:\/\/fdartgallery.com\/index.php?rest_route=\/wp\/v2\/product\/3102\/revisions\/3104"}],"wp:featuredmedia":[{"embeddable":true,"href":"https:\/\/fdartgallery.com\/index.php?rest_route=\/wp\/v2\/media\/3103"}],"wp:attachment":[{"href":"https:\/\/fdartgallery.com\/index.php?rest_route=%2Fwp%2Fv2%2Fmedia&parent=3102"}],"wp:term":[{"taxonomy":"brand","embeddable":true,"href":"https:\/\/fdartgallery.com\/index.php?rest_route=%2Fwp%2Fv2%2Fetheme_brands&post=3102"},{"taxonomy":"product_brand","embeddable":true,"href":"https:\/\/fdartgallery.com\/index.php?rest_route=%2Fwp%2Fv2%2Fproduct_brand&post=3102"},{"taxonomy":"product_cat","embeddable":true,"href":"https:\/\/fdartgallery.com\/index.php?rest_route=%2Fwp%2Fv2%2Fproduct_cat&post=3102"},{"taxonomy":"product_tag","embeddable":true,"href":"https:\/\/fdartgallery.com\/index.php?rest_route=%2Fwp%2Fv2%2Fproduct_tag&post=3102"}],"curies":[{"name":"wp","href":"https:\/\/api.w.org\/{rel}","templated":true}]}}