{"id":3108,"date":"2026-03-09T11:50:09","date_gmt":"2026-03-09T11:50:09","guid":{"rendered":"https:\/\/fdartgallery.com\/?post_type=product&#038;p=3108"},"modified":"2026-03-09T11:50:09","modified_gmt":"2026-03-09T11:50:09","slug":"cotton","status":"publish","type":"product","link":"https:\/\/fdartgallery.com\/?product=cotton","title":{"rendered":"&#8216;Cotton&#8217;"},"content":{"rendered":"<p>Do\u011fadan bir detay\u0131 sade bir \u015fekilde ele alan bu \u00e7al\u0131\u015fma, pamuk kozalaklar\u0131n\u0131n do\u011fal dokusunu suluboyan\u0131n hafifli\u011fiyle sunuyor. G\u00f6z yormayan, dingin bir kompozisyon.<br \/>\n\u200bKullan\u0131m Alan\u0131: Banyo giri\u015fleri, spa alanlar\u0131 veya do\u011fal ah\u015fap mobilyalar\u0131n oldu\u011fu mekanlar.<\/p>\n","protected":false},"excerpt":{"rendered":"<p>&#8230;<\/p>\n","protected":false},"featured_media":3109,"comment_status":"open","ping_status":"closed","template":"","meta":[],"etheme_brands":[{"term_id":61,"name":"Fd Sanat Okulu","slug":"fd-sanat-okulu","term_group":0,"term_taxonomy_id":61,"taxonomy":"brand","description":"","parent":0,"count":173,"filter":"raw"}],"product_brand":[],"product_cat":[43,76],"product_tag":[],"class_list":{"0":"post-3108","1":"product","2":"type-product","3":"status-publish","4":"has-post-thumbnail","6":"brand-fd-sanat-okulu","7":"product_cat-water-color","8":"product_cat-naturmont-konulu","10":"first","11":"instock","12":"shipping-taxable","13":"purchasable","14":"product-type-simple"},"jetpack_sharing_enabled":true,"_links":{"self":[{"href":"https:\/\/fdartgallery.com\/index.php?rest_route=\/wp\/v2\/product\/3108","targetHints":{"allow":["GET"]}}],"collection":[{"href":"https:\/\/fdartgallery.com\/index.php?rest_route=\/wp\/v2\/product"}],"about":[{"href":"https:\/\/fdartgallery.com\/index.php?rest_route=\/wp\/v2\/types\/product"}],"replies":[{"embeddable":true,"href":"https:\/\/fdartgallery.com\/index.php?rest_route=%2Fwp%2Fv2%2Fcomments&post=3108"}],"version-history":[{"count":1,"href":"https:\/\/fdartgallery.com\/index.php?rest_route=\/wp\/v2\/product\/3108\/revisions"}],"predecessor-version":[{"id":3110,"href":"https:\/\/fdartgallery.com\/index.php?rest_route=\/wp\/v2\/product\/3108\/revisions\/3110"}],"wp:featuredmedia":[{"embeddable":true,"href":"https:\/\/fdartgallery.com\/index.php?rest_route=\/wp\/v2\/media\/3109"}],"wp:attachment":[{"href":"https:\/\/fdartgallery.com\/index.php?rest_route=%2Fwp%2Fv2%2Fmedia&parent=3108"}],"wp:term":[{"taxonomy":"brand","embeddable":true,"href":"https:\/\/fdartgallery.com\/index.php?rest_route=%2Fwp%2Fv2%2Fetheme_brands&post=3108"},{"taxonomy":"product_brand","embeddable":true,"href":"https:\/\/fdartgallery.com\/index.php?rest_route=%2Fwp%2Fv2%2Fproduct_brand&post=3108"},{"taxonomy":"product_cat","embeddable":true,"href":"https:\/\/fdartgallery.com\/index.php?rest_route=%2Fwp%2Fv2%2Fproduct_cat&post=3108"},{"taxonomy":"product_tag","embeddable":true,"href":"https:\/\/fdartgallery.com\/index.php?rest_route=%2Fwp%2Fv2%2Fproduct_tag&post=3108"}],"curies":[{"name":"wp","href":"https:\/\/api.w.org\/{rel}","templated":true}]}}