{"id":3132,"date":"2026-03-09T12:11:10","date_gmt":"2026-03-09T12:11:10","guid":{"rendered":"https:\/\/fdartgallery.com\/?post_type=product&#038;p=3132"},"modified":"2026-03-09T12:11:10","modified_gmt":"2026-03-09T12:11:10","slug":"bud","status":"publish","type":"product","link":"https:\/\/fdartgallery.com\/?product=bud","title":{"rendered":"&#8216;Bud&#8217;"},"content":{"rendered":"<p>Hen\u00fcz a\u00e7\u0131lmam\u0131\u015f g\u00fcl tomurcuklar\u0131n\u0131n safl\u0131\u011f\u0131n\u0131 suluboyan\u0131n yumu\u015fak ge\u00e7i\u015fleriyle hissettiren bir eser. Mavi fon \u00fczerindeki canl\u0131 k\u0131rm\u0131z\u0131 detaylar, dinamik ve umut dolu bir kontrast yarat\u0131yor.<br \/>\n\u200bKullan\u0131m Alan\u0131: Yatak odas\u0131 ba\u015fucu veya dikey bo\u015fluklar\u0131 de\u011ferlendirmek istedi\u011finiz dar duvarlar.<\/p>\n","protected":false},"excerpt":{"rendered":"<p>&#8230;<\/p>\n","protected":false},"featured_media":3133,"comment_status":"open","ping_status":"closed","template":"","meta":[],"etheme_brands":[{"term_id":61,"name":"Fd Sanat Okulu","slug":"fd-sanat-okulu","term_group":0,"term_taxonomy_id":61,"taxonomy":"brand","description":"","parent":0,"count":173,"filter":"raw"}],"product_brand":[],"product_cat":[43,73],"product_tag":[],"class_list":{"0":"post-3132","1":"product","2":"type-product","3":"status-publish","4":"has-post-thumbnail","6":"brand-fd-sanat-okulu","7":"product_cat-water-color","8":"product_cat-vazoda-cicekler-konulu","10":"first","11":"instock","12":"shipping-taxable","13":"purchasable","14":"product-type-simple"},"jetpack_sharing_enabled":true,"_links":{"self":[{"href":"https:\/\/fdartgallery.com\/index.php?rest_route=\/wp\/v2\/product\/3132","targetHints":{"allow":["GET"]}}],"collection":[{"href":"https:\/\/fdartgallery.com\/index.php?rest_route=\/wp\/v2\/product"}],"about":[{"href":"https:\/\/fdartgallery.com\/index.php?rest_route=\/wp\/v2\/types\/product"}],"replies":[{"embeddable":true,"href":"https:\/\/fdartgallery.com\/index.php?rest_route=%2Fwp%2Fv2%2Fcomments&post=3132"}],"version-history":[{"count":1,"href":"https:\/\/fdartgallery.com\/index.php?rest_route=\/wp\/v2\/product\/3132\/revisions"}],"predecessor-version":[{"id":3134,"href":"https:\/\/fdartgallery.com\/index.php?rest_route=\/wp\/v2\/product\/3132\/revisions\/3134"}],"wp:featuredmedia":[{"embeddable":true,"href":"https:\/\/fdartgallery.com\/index.php?rest_route=\/wp\/v2\/media\/3133"}],"wp:attachment":[{"href":"https:\/\/fdartgallery.com\/index.php?rest_route=%2Fwp%2Fv2%2Fmedia&parent=3132"}],"wp:term":[{"taxonomy":"brand","embeddable":true,"href":"https:\/\/fdartgallery.com\/index.php?rest_route=%2Fwp%2Fv2%2Fetheme_brands&post=3132"},{"taxonomy":"product_brand","embeddable":true,"href":"https:\/\/fdartgallery.com\/index.php?rest_route=%2Fwp%2Fv2%2Fproduct_brand&post=3132"},{"taxonomy":"product_cat","embeddable":true,"href":"https:\/\/fdartgallery.com\/index.php?rest_route=%2Fwp%2Fv2%2Fproduct_cat&post=3132"},{"taxonomy":"product_tag","embeddable":true,"href":"https:\/\/fdartgallery.com\/index.php?rest_route=%2Fwp%2Fv2%2Fproduct_tag&post=3132"}],"curies":[{"name":"wp","href":"https:\/\/api.w.org\/{rel}","templated":true}]}}