{"id":3149,"date":"2026-03-09T12:32:59","date_gmt":"2026-03-09T12:32:59","guid":{"rendered":"https:\/\/fdartgallery.com\/?post_type=product&#038;p=3149"},"modified":"2026-03-09T12:33:00","modified_gmt":"2026-03-09T12:33:00","slug":"su-ustunde","status":"publish","type":"product","link":"https:\/\/fdartgallery.com\/?product=su-ustunde","title":{"rendered":"&#8216;Su \u00fcst\u00fcnde&#8217;"},"content":{"rendered":"<p>Nil\u00fcferlerin su \u00fczerindeki zarif duru\u015funu canl\u0131 renklerle betimleyen bir \u00e7al\u0131\u015fma. Do\u011fan\u0131n renk paletini t\u00fcm canl\u0131l\u0131\u011f\u0131yla hissettirir.<br \/>\n\u200bKullan\u0131m Alan\u0131: Koyu renkli duvarlarda kendini \u00e7ok net g\u00f6sterir; oturma odas\u0131 oturma gruplar\u0131n\u0131n \u00fczerinde \u015f\u0131k durur.<\/p>\n","protected":false},"excerpt":{"rendered":"<p>&#8230;<\/p>\n","protected":false},"featured_media":3150,"comment_status":"open","ping_status":"closed","template":"","meta":[],"etheme_brands":[{"term_id":61,"name":"Fd Sanat Okulu","slug":"fd-sanat-okulu","term_group":0,"term_taxonomy_id":61,"taxonomy":"brand","description":"","parent":0,"count":173,"filter":"raw"}],"product_brand":[],"product_cat":[27,67],"product_tag":[],"class_list":{"0":"post-3149","1":"product","2":"type-product","3":"status-publish","4":"has-post-thumbnail","6":"brand-fd-sanat-okulu","7":"product_cat-pastel","8":"product_cat-vazoda-cicekler-pastel","10":"first","11":"instock","12":"shipping-taxable","13":"purchasable","14":"product-type-simple"},"jetpack_sharing_enabled":true,"_links":{"self":[{"href":"https:\/\/fdartgallery.com\/index.php?rest_route=\/wp\/v2\/product\/3149","targetHints":{"allow":["GET"]}}],"collection":[{"href":"https:\/\/fdartgallery.com\/index.php?rest_route=\/wp\/v2\/product"}],"about":[{"href":"https:\/\/fdartgallery.com\/index.php?rest_route=\/wp\/v2\/types\/product"}],"replies":[{"embeddable":true,"href":"https:\/\/fdartgallery.com\/index.php?rest_route=%2Fwp%2Fv2%2Fcomments&post=3149"}],"version-history":[{"count":1,"href":"https:\/\/fdartgallery.com\/index.php?rest_route=\/wp\/v2\/product\/3149\/revisions"}],"predecessor-version":[{"id":3151,"href":"https:\/\/fdartgallery.com\/index.php?rest_route=\/wp\/v2\/product\/3149\/revisions\/3151"}],"wp:featuredmedia":[{"embeddable":true,"href":"https:\/\/fdartgallery.com\/index.php?rest_route=\/wp\/v2\/media\/3150"}],"wp:attachment":[{"href":"https:\/\/fdartgallery.com\/index.php?rest_route=%2Fwp%2Fv2%2Fmedia&parent=3149"}],"wp:term":[{"taxonomy":"brand","embeddable":true,"href":"https:\/\/fdartgallery.com\/index.php?rest_route=%2Fwp%2Fv2%2Fetheme_brands&post=3149"},{"taxonomy":"product_brand","embeddable":true,"href":"https:\/\/fdartgallery.com\/index.php?rest_route=%2Fwp%2Fv2%2Fproduct_brand&post=3149"},{"taxonomy":"product_cat","embeddable":true,"href":"https:\/\/fdartgallery.com\/index.php?rest_route=%2Fwp%2Fv2%2Fproduct_cat&post=3149"},{"taxonomy":"product_tag","embeddable":true,"href":"https:\/\/fdartgallery.com\/index.php?rest_route=%2Fwp%2Fv2%2Fproduct_tag&post=3149"}],"curies":[{"name":"wp","href":"https:\/\/api.w.org\/{rel}","templated":true}]}}