{"id":3174,"date":"2026-03-09T12:55:41","date_gmt":"2026-03-09T12:55:41","guid":{"rendered":"https:\/\/fdartgallery.com\/?post_type=product&#038;p=3174"},"modified":"2026-03-09T12:55:41","modified_gmt":"2026-03-09T12:55:41","slug":"temperature-in-the-kitchen","status":"publish","type":"product","link":"https:\/\/fdartgallery.com\/?product=temperature-in-the-kitchen","title":{"rendered":"&#8216;temperature in the kitchen&#8217;"},"content":{"rendered":"<p>Canl\u0131 k\u0131rm\u0131z\u0131 tonu ve \u00fczerindeki parlak yans\u0131malar\u0131yla dikkat \u00e7eken, nostaljik bir \u00e7aydanl\u0131k fig\u00fcr\u00fc. Tuval dokusunun belirgin oldu\u011fu bu \u00e7al\u0131\u015fma, bulundu\u011fu ortama an\u0131nda enerji ve s\u0131cakl\u0131k katar.<br \/>\n\u200bKullan\u0131m Alan\u0131: Mutfak tezgah \u00fcst\u00fc raflar\u0131nda, yemek masas\u0131 yan\u0131ndaki duvarlarda veya kafe\/restoran dekorasyonlar\u0131nda i\u015ftah a\u00e7\u0131c\u0131 bir odak noktas\u0131 olarak kullan\u0131labilir.<\/p>\n","protected":false},"excerpt":{"rendered":"<p>&#8230;<\/p>\n","protected":false},"featured_media":3175,"comment_status":"open","ping_status":"closed","template":"","meta":[],"etheme_brands":[{"term_id":61,"name":"Fd Sanat Okulu","slug":"fd-sanat-okulu","term_group":0,"term_taxonomy_id":61,"taxonomy":"brand","description":"","parent":0,"count":173,"filter":"raw"}],"product_brand":[],"product_cat":[22,55],"product_tag":[],"class_list":{"0":"post-3174","1":"product","2":"type-product","3":"status-publish","4":"has-post-thumbnail","6":"brand-fd-sanat-okulu","7":"product_cat-acrylic","8":"product_cat-naturmont","10":"first","11":"instock","12":"shipping-taxable","13":"purchasable","14":"product-type-simple"},"jetpack_sharing_enabled":true,"_links":{"self":[{"href":"https:\/\/fdartgallery.com\/index.php?rest_route=\/wp\/v2\/product\/3174","targetHints":{"allow":["GET"]}}],"collection":[{"href":"https:\/\/fdartgallery.com\/index.php?rest_route=\/wp\/v2\/product"}],"about":[{"href":"https:\/\/fdartgallery.com\/index.php?rest_route=\/wp\/v2\/types\/product"}],"replies":[{"embeddable":true,"href":"https:\/\/fdartgallery.com\/index.php?rest_route=%2Fwp%2Fv2%2Fcomments&post=3174"}],"version-history":[{"count":1,"href":"https:\/\/fdartgallery.com\/index.php?rest_route=\/wp\/v2\/product\/3174\/revisions"}],"predecessor-version":[{"id":3176,"href":"https:\/\/fdartgallery.com\/index.php?rest_route=\/wp\/v2\/product\/3174\/revisions\/3176"}],"wp:featuredmedia":[{"embeddable":true,"href":"https:\/\/fdartgallery.com\/index.php?rest_route=\/wp\/v2\/media\/3175"}],"wp:attachment":[{"href":"https:\/\/fdartgallery.com\/index.php?rest_route=%2Fwp%2Fv2%2Fmedia&parent=3174"}],"wp:term":[{"taxonomy":"brand","embeddable":true,"href":"https:\/\/fdartgallery.com\/index.php?rest_route=%2Fwp%2Fv2%2Fetheme_brands&post=3174"},{"taxonomy":"product_brand","embeddable":true,"href":"https:\/\/fdartgallery.com\/index.php?rest_route=%2Fwp%2Fv2%2Fproduct_brand&post=3174"},{"taxonomy":"product_cat","embeddable":true,"href":"https:\/\/fdartgallery.com\/index.php?rest_route=%2Fwp%2Fv2%2Fproduct_cat&post=3174"},{"taxonomy":"product_tag","embeddable":true,"href":"https:\/\/fdartgallery.com\/index.php?rest_route=%2Fwp%2Fv2%2Fproduct_tag&post=3174"}],"curies":[{"name":"wp","href":"https:\/\/api.w.org\/{rel}","templated":true}]}}