{"id":3197,"date":"2026-03-12T18:27:56","date_gmt":"2026-03-12T18:27:56","guid":{"rendered":"https:\/\/fdartgallery.com\/?post_type=product&#038;p=3197"},"modified":"2026-03-15T12:34:09","modified_gmt":"2026-03-15T12:34:09","slug":"gun-isiginda-sofra","status":"publish","type":"product","link":"https:\/\/fdartgallery.com\/?product=gun-isiginda-sofra","title":{"rendered":"G\u00fcn I\u015f\u0131\u011f\u0131nda Sofra"},"content":{"rendered":"<p>G\u00fcn \u0131\u015f\u0131\u011f\u0131n\u0131n ah\u015fap masa \u00fczerine b\u0131rakt\u0131\u011f\u0131 s\u0131cak tonlar, cam s\u00fcrahideki zeytinya\u011f\u0131n\u0131n parlakl\u0131\u011f\u0131 ve taze ekmek ile meyvelerin do\u011fal renkleri bu ya\u011fl\u0131 boya nat\u00fcrmorta sakin ve samimi bir atmosfer kazand\u0131r\u0131r. G\u00fcnl\u00fck hayat\u0131n huzurlu bir an\u0131n\u0131 hat\u0131rlatan bu eser, bulundu\u011fu mek\u00e2na s\u0131cakl\u0131k ve karakter katmak i\u00e7in ideal bir par\u00e7ad\u0131r. Salon, yemek alan\u0131, mutfak, kafe ya da butik restoran gibi ya\u015fam ve payla\u015f\u0131m\u0131n oldu\u011fu alanlarda dekoratif bir odak noktas\u0131 olarak kullan\u0131labilir. \ud83c\udfa8<\/p>\n","protected":false},"excerpt":{"rendered":"<p>&#8230;<\/p>\n","protected":false},"featured_media":3198,"comment_status":"open","ping_status":"closed","template":"","meta":[],"etheme_brands":[{"term_id":61,"name":"Fd Sanat Okulu","slug":"fd-sanat-okulu","term_group":0,"term_taxonomy_id":61,"taxonomy":"brand","description":"","parent":0,"count":173,"filter":"raw"}],"product_brand":[],"product_cat":[41,69],"product_tag":[],"class_list":{"0":"post-3197","1":"product","2":"type-product","3":"status-publish","4":"has-post-thumbnail","6":"brand-fd-sanat-okulu","7":"product_cat-oil","8":"product_cat-naturmont-oil","10":"first","11":"instock","12":"sale","13":"shipping-taxable","14":"purchasable","15":"product-type-simple"},"jetpack_sharing_enabled":true,"_links":{"self":[{"href":"https:\/\/fdartgallery.com\/index.php?rest_route=\/wp\/v2\/product\/3197","targetHints":{"allow":["GET"]}}],"collection":[{"href":"https:\/\/fdartgallery.com\/index.php?rest_route=\/wp\/v2\/product"}],"about":[{"href":"https:\/\/fdartgallery.com\/index.php?rest_route=\/wp\/v2\/types\/product"}],"replies":[{"embeddable":true,"href":"https:\/\/fdartgallery.com\/index.php?rest_route=%2Fwp%2Fv2%2Fcomments&post=3197"}],"version-history":[{"count":1,"href":"https:\/\/fdartgallery.com\/index.php?rest_route=\/wp\/v2\/product\/3197\/revisions"}],"predecessor-version":[{"id":3199,"href":"https:\/\/fdartgallery.com\/index.php?rest_route=\/wp\/v2\/product\/3197\/revisions\/3199"}],"wp:featuredmedia":[{"embeddable":true,"href":"https:\/\/fdartgallery.com\/index.php?rest_route=\/wp\/v2\/media\/3198"}],"wp:attachment":[{"href":"https:\/\/fdartgallery.com\/index.php?rest_route=%2Fwp%2Fv2%2Fmedia&parent=3197"}],"wp:term":[{"taxonomy":"brand","embeddable":true,"href":"https:\/\/fdartgallery.com\/index.php?rest_route=%2Fwp%2Fv2%2Fetheme_brands&post=3197"},{"taxonomy":"product_brand","embeddable":true,"href":"https:\/\/fdartgallery.com\/index.php?rest_route=%2Fwp%2Fv2%2Fproduct_brand&post=3197"},{"taxonomy":"product_cat","embeddable":true,"href":"https:\/\/fdartgallery.com\/index.php?rest_route=%2Fwp%2Fv2%2Fproduct_cat&post=3197"},{"taxonomy":"product_tag","embeddable":true,"href":"https:\/\/fdartgallery.com\/index.php?rest_route=%2Fwp%2Fv2%2Fproduct_tag&post=3197"}],"curies":[{"name":"wp","href":"https:\/\/api.w.org\/{rel}","templated":true}]}}