{"id":3393,"date":"2026-04-02T22:56:42","date_gmt":"2026-04-02T22:56:42","guid":{"rendered":"https:\/\/fdartgallery.com\/?post_type=product&#038;p=3393"},"modified":"2026-04-02T22:56:43","modified_gmt":"2026-04-02T22:56:43","slug":"mavi-serce","status":"publish","type":"product","link":"https:\/\/fdartgallery.com\/?product=mavi-serce","title":{"rendered":"&#8220;Mavi Ser\u00e7e&#8221;"},"content":{"rendered":"<p>Do\u011fadan ilham alan bu \u00e7al\u0131\u015fma, suluboyan\u0131n ak\u0131\u015fkan ve yumu\u015fak ge\u00e7i\u015fleriyle hayat buldu. Mavi tonlar\u0131n katman katman kullan\u0131lmas\u0131, ku\u015fun zarif detaylar\u0131n\u0131 \u00f6n plana \u00e7\u0131kar\u0131rken arka plandaki bilin\u00e7li bo\u015fluk sade ve dingin bir etki yarat\u0131yor.<\/p>\n<p>El yap\u0131m\u0131 dokulu ka\u011f\u0131t \u00fczerinde \u00e7al\u0131\u015f\u0131ld\u0131\u011f\u0131 i\u00e7in her f\u0131r\u00e7a darbesi kendine \u00f6zg\u00fc bir karakter ta\u015f\u0131yor. Minimal ama etkileyici bir par\u00e7a arayanlar i\u00e7in olduk\u00e7a uygun.<\/p>\n<p>Kullan\u0131m \u00f6nerileri:<\/p>\n<p>Salon veya yatak odas\u0131nda sade bir duvar\u0131 canland\u0131rmak i\u00e7in<\/p>\n<p>\u00c7al\u0131\u015fma masas\u0131 \u00fcst\u00fcnde ilham verici bir detay olarak<\/p>\n<p>Do\u011fa temal\u0131 dekorasyonlarda tamamlay\u0131c\u0131 par\u00e7a<\/p>\n<blockquote><p>Hediye olarak (\u00f6zellikle ku\u015f ve do\u011fa severler i\u00e7in)<\/p><\/blockquote>\n","protected":false},"excerpt":{"rendered":"<p>&#8230;<\/p>\n","protected":false},"featured_media":3394,"comment_status":"open","ping_status":"closed","template":"","meta":[],"etheme_brands":[{"term_id":61,"name":"Fd Sanat Okulu","slug":"fd-sanat-okulu","term_group":0,"term_taxonomy_id":61,"taxonomy":"brand","description":"","parent":0,"count":173,"filter":"raw"}],"product_brand":[],"product_cat":[43,77],"product_tag":[],"class_list":{"0":"post-3393","1":"product","2":"type-product","3":"status-publish","4":"has-post-thumbnail","6":"brand-fd-sanat-okulu","7":"product_cat-water-color","8":"product_cat-figuratif-konulu","10":"first","11":"instock","12":"sale","13":"shipping-taxable","14":"purchasable","15":"product-type-simple"},"jetpack_sharing_enabled":true,"_links":{"self":[{"href":"https:\/\/fdartgallery.com\/index.php?rest_route=\/wp\/v2\/product\/3393","targetHints":{"allow":["GET"]}}],"collection":[{"href":"https:\/\/fdartgallery.com\/index.php?rest_route=\/wp\/v2\/product"}],"about":[{"href":"https:\/\/fdartgallery.com\/index.php?rest_route=\/wp\/v2\/types\/product"}],"replies":[{"embeddable":true,"href":"https:\/\/fdartgallery.com\/index.php?rest_route=%2Fwp%2Fv2%2Fcomments&post=3393"}],"version-history":[{"count":1,"href":"https:\/\/fdartgallery.com\/index.php?rest_route=\/wp\/v2\/product\/3393\/revisions"}],"predecessor-version":[{"id":3395,"href":"https:\/\/fdartgallery.com\/index.php?rest_route=\/wp\/v2\/product\/3393\/revisions\/3395"}],"wp:featuredmedia":[{"embeddable":true,"href":"https:\/\/fdartgallery.com\/index.php?rest_route=\/wp\/v2\/media\/3394"}],"wp:attachment":[{"href":"https:\/\/fdartgallery.com\/index.php?rest_route=%2Fwp%2Fv2%2Fmedia&parent=3393"}],"wp:term":[{"taxonomy":"brand","embeddable":true,"href":"https:\/\/fdartgallery.com\/index.php?rest_route=%2Fwp%2Fv2%2Fetheme_brands&post=3393"},{"taxonomy":"product_brand","embeddable":true,"href":"https:\/\/fdartgallery.com\/index.php?rest_route=%2Fwp%2Fv2%2Fproduct_brand&post=3393"},{"taxonomy":"product_cat","embeddable":true,"href":"https:\/\/fdartgallery.com\/index.php?rest_route=%2Fwp%2Fv2%2Fproduct_cat&post=3393"},{"taxonomy":"product_tag","embeddable":true,"href":"https:\/\/fdartgallery.com\/index.php?rest_route=%2Fwp%2Fv2%2Fproduct_tag&post=3393"}],"curies":[{"name":"wp","href":"https:\/\/api.w.org\/{rel}","templated":true}]}}