{"id":3401,"date":"2026-04-02T23:02:19","date_gmt":"2026-04-02T23:02:19","guid":{"rendered":"https:\/\/fdartgallery.com\/?post_type=product&#038;p=3401"},"modified":"2026-04-02T23:02:19","modified_gmt":"2026-04-02T23:02:19","slug":"marmaris","status":"publish","type":"product","link":"https:\/\/fdartgallery.com\/?product=marmaris","title":{"rendered":"&#8220;Marmaris&#8221;"},"content":{"rendered":"<p>Sakin bir deniz an\u0131n\u0131 yakalayan bu suluboya \u00e7al\u0131\u015fma, suyun y\u00fczeyindeki yans\u0131malar ve yumu\u015fak renk ge\u00e7i\u015fleriyle huzurlu bir atmosfer olu\u015fturur. Serbest b\u0131rak\u0131lm\u0131\u015f boya ak\u0131\u015flar\u0131 ve hafif da\u011f\u0131lm\u0131\u015f konturlar, sahneye do\u011fal ve dingin bir hava kat\u0131yor.<br \/>\nKompozisyondaki bo\u015fluklar ve a\u00e7\u0131k tonlar, izleyiciye nefes ald\u0131ran bir ferahl\u0131k hissi verir.<br \/>\nKullan\u0131m \u00f6nerileri:<br \/>\nSalon, ofis veya bekleme alanlar\u0131nda sakinlik hissi yaratmak i\u00e7in<br \/>\nDeniz temal\u0131 dekorasyonlarda odak par\u00e7a olarak<br \/>\nMinimal ve modern mekanlara yumu\u015fak bir dokunu\u015f katmak i\u00e7in<br \/>\nKafe\/restoran dekorasyonlar\u0131nda atmosfer tamamlay\u0131c\u0131 olarak<\/p>\n","protected":false},"excerpt":{"rendered":"<p>&#8230;<\/p>\n","protected":false},"featured_media":3400,"comment_status":"open","ping_status":"closed","template":"","meta":[],"etheme_brands":[{"term_id":61,"name":"Fd Sanat Okulu","slug":"fd-sanat-okulu","term_group":0,"term_taxonomy_id":61,"taxonomy":"brand","description":"","parent":0,"count":173,"filter":"raw"}],"product_brand":[],"product_cat":[43,75],"product_tag":[],"class_list":{"0":"post-3401","1":"product","2":"type-product","3":"status-publish","4":"has-post-thumbnail","6":"brand-fd-sanat-okulu","7":"product_cat-water-color","8":"product_cat-peyzaj-konulu","10":"first","11":"instock","12":"sale","13":"shipping-taxable","14":"purchasable","15":"product-type-simple"},"jetpack_sharing_enabled":true,"_links":{"self":[{"href":"https:\/\/fdartgallery.com\/index.php?rest_route=\/wp\/v2\/product\/3401","targetHints":{"allow":["GET"]}}],"collection":[{"href":"https:\/\/fdartgallery.com\/index.php?rest_route=\/wp\/v2\/product"}],"about":[{"href":"https:\/\/fdartgallery.com\/index.php?rest_route=\/wp\/v2\/types\/product"}],"replies":[{"embeddable":true,"href":"https:\/\/fdartgallery.com\/index.php?rest_route=%2Fwp%2Fv2%2Fcomments&post=3401"}],"version-history":[{"count":1,"href":"https:\/\/fdartgallery.com\/index.php?rest_route=\/wp\/v2\/product\/3401\/revisions"}],"predecessor-version":[{"id":3402,"href":"https:\/\/fdartgallery.com\/index.php?rest_route=\/wp\/v2\/product\/3401\/revisions\/3402"}],"wp:featuredmedia":[{"embeddable":true,"href":"https:\/\/fdartgallery.com\/index.php?rest_route=\/wp\/v2\/media\/3400"}],"wp:attachment":[{"href":"https:\/\/fdartgallery.com\/index.php?rest_route=%2Fwp%2Fv2%2Fmedia&parent=3401"}],"wp:term":[{"taxonomy":"brand","embeddable":true,"href":"https:\/\/fdartgallery.com\/index.php?rest_route=%2Fwp%2Fv2%2Fetheme_brands&post=3401"},{"taxonomy":"product_brand","embeddable":true,"href":"https:\/\/fdartgallery.com\/index.php?rest_route=%2Fwp%2Fv2%2Fproduct_brand&post=3401"},{"taxonomy":"product_cat","embeddable":true,"href":"https:\/\/fdartgallery.com\/index.php?rest_route=%2Fwp%2Fv2%2Fproduct_cat&post=3401"},{"taxonomy":"product_tag","embeddable":true,"href":"https:\/\/fdartgallery.com\/index.php?rest_route=%2Fwp%2Fv2%2Fproduct_tag&post=3401"}],"curies":[{"name":"wp","href":"https:\/\/api.w.org\/{rel}","templated":true}]}}