{"id":612,"date":"2025-02-28T10:53:49","date_gmt":"2025-02-28T10:53:49","guid":{"rendered":"https:\/\/xstore.8theme.com\/elementor3\/painting-studio\/?post_type=product&#038;p=612"},"modified":"2026-03-03T09:18:14","modified_gmt":"2026-03-03T09:18:14","slug":"eternal-blooming-blossom-2","status":"publish","type":"product","link":"https:\/\/fdartgallery.com\/?product=eternal-blooming-blossom-2","title":{"rendered":"&#8216;Vazoda Bahar&#8217;"},"content":{"rendered":"<div data-test='contact-form'\n\t\t\tid='contact-form-612'\n\t\t\tclass='wp-block-jetpack-contact-form-container '\n\t\t\tdata-wp-interactive='jetpack\/form' data-wp-context='{\"formId\":\"612\",\"formHash\":\"ed84dcbe39ebe6ea9be1375903adea6858d30d81\",\"showErrors\":false,\"errors\":[],\"fields\":[],\"isMultiStep\":false,\"useAjax\":true,\"submissionData\":null,\"formattedSubmissionData\":[],\"submissionSuccess\":false,\"submissionError\":null,\"elementId\":\"jp-form-ed84dcbe39ebe6ea9be1375903adea6858d30d81\",\"isSingleInputForm\":false}'\n\t\t\tdata-wp-watch--scroll-to-wrapper=\"callbacks.scrollToWrapper\"\n\t\t>\n<div class=\"contact-form-submission contact-form-ajax-submission\" data-wp-bind--aria-hidden=\"state.isSuccessMessageAriaHidden\" data-wp-class--submission-success=\"context.submissionSuccess\" id=\"contact-form-success-ed84dcbe39ebe6ea9be1375903adea6858d30d81\" tabindex=\"-1\" aria-labelledby=\"contact-form-success-header-ed84dcbe39ebe6ea9be1375903adea6858d30d81\"><p class=\"go-back-message\"><a class=\"link\" role=\"button\" tabindex=\"0\" data-wp-on--click=\"actions.goBack\" href=\"\/index.php?rest_route=%2Fwp%2Fv2%2Fproduct%2F612\">\u2190 Geri<\/a><\/p><h4 data-wp-bind--aria-hidden=\"state.isSuccessMessageAriaHidden\" id=\"contact-form-success-header-ed84dcbe39ebe6ea9be1375903adea6858d30d81\">Yan\u0131t\u0131n\u0131z i\u00e7in te\u015fekk\u00fcr ederiz. \u2728<\/h4>\n\n<template data-wp-each--submission=\"context.formattedSubmissionData\">\n\t\t\t\t\t<div class=\"jetpack_forms_contact-form-success-summary\">\n\t\t\t\t\t\t<div class=\"field-name\" data-wp-text=\"context.submission.label\" data-wp-bind--hidden=\"!context.submission.label\"><\/div>\n\t\t\t\t\t\t<div class=\"field-value\" data-wp-text=\"context.submission.value\" data-wp-bind--hidden=\"!context.submission.showPlainValue\"><\/div>\n\t\t\t\t\t\t<a class=\"field-url\" data-wp-bind--href=\"context.submission.url\" data-wp-text=\"context.submission.value\" data-wp-bind--hidden=\"!context.submission.url\" target=\"_blank\" rel=\"noopener noreferrer\"><\/a>\n\t\t\t\t\t\t<div class=\"field-rating\" data-wp-bind--hidden=\"!context.submission.rating\" data-wp-watch=\"callbacks.watchRatingIcons\"><\/div>\n\t\t\t\t\t\t<div class=\"field-images\" data-wp-bind--hidden=\"!context.submission.images\">\n\t\t\t\t\t\t\t<template data-wp-each--image=\"context.submission.images\">\n\t\t\t\t\t\t\t\t<div class=\"field-image-option\" data-wp-class--is-empty=\"!context.image.src\">\n\t\t\t\t\t\t\t\t\t<figure class=\"field-image-option__image\" data-wp-class--is-empty=\"!context.image.src\">\n\t\t\t\t\t\t\t\t\t\t<img data-wp-bind--src=\"context.image.src\" data-wp-bind--hidden=\"!context.image.src\" \/>\n\t\t\t\t\t\t\t\t\t\t<img decoding=\"async\" src=\"data:image\/gif;base64,R0lGODlhAQABAAD\/ACwAAAAAAQABAAACADs=\" data-wp-bind--hidden=\"context.image.src\" \/>\n\t\t\t\t\t\t\t\t\t<\/figure>\n\t\t\t\t\t\t\t\t\t<div class=\"field-image-option__label-wrapper\">\n\t\t\t\t\t\t\t\t\t\t<span class=\"field-image-option__label-code\" data-wp-text=\"context.image.letterCode\"><\/span>\n\t\t\t\t\t\t\t\t\t\t<span class=\"field-image-option__label\" data-wp-text=\"context.image.label\" data-wp-bind--hidden=\"!context.image.label\"><\/span>\n\t\t\t\t\t\t\t\t\t<\/div>\n\t\t\t\t\t\t\t\t<\/div>\n\t\t\t\t\t\t\t<\/template>\n\t\t\t\t\t\t<\/div>\n\t\t\t\t\t\t<div class=\"field-files\" data-wp-bind--hidden=\"!context.submission.files\">\n\t\t\t\t\t\t\t<template data-wp-each--file=\"context.submission.files\">\n\t\t\t\t\t\t\t\t<div class=\"field-file\">\n\t\t\t\t\t\t\t\t\t<div class=\"field-file__thumbnail\" data-wp-style--background-image=\"context.file.previewUrl\" data-wp-style--mask-image=\"context.file.iconUrl\" data-wp-bind--hidden=\"!context.file.hasPreview\"><\/div>\n\t\t\t\t\t\t\t\t\t<svg class=\"field-file__icon\" data-wp-bind--hidden=\"context.file.hasPreview\" width=\"20\" height=\"20\" viewBox=\"0 0 24 24\" fill=\"none\" xmlns=\"http:\/\/www.w3.org\/2000\/svg\" aria-hidden=\"true\">\n\t\t\t\t\t\t\t\t\t\t<path d=\"M14 2H6C4.9 2 4 2.9 4 4V20C4 21.1 4.89 22 5.99 22H18C19.1 22 20 21.1 20 20V8L14 2ZM18 20H6V4H13V9H18V20Z\" fill=\"currentColor\"\/>\n\t\t\t\t\t\t\t\t\t<\/svg>\n\t\t\t\t\t\t\t\t\t<span class=\"field-file__name\" data-wp-text=\"context.file.name\"><\/span>\n\t\t\t\t\t\t\t\t\t<span class=\"field-file__size\" data-wp-text=\"context.file.size\"><\/span>\n\t\t\t\t\t\t\t\t<\/div>\n\t\t\t\t\t\t\t<\/template>\n\t\t\t\t\t\t<\/div>\n\t\t\t\t\t<\/div>\n\t\t\t\t<\/template><\/div><form action='https:\/\/fdartgallery.com\/?product=eternal-blooming-blossom-2'\n\t\t\t\tid='jp-form-ed84dcbe39ebe6ea9be1375903adea6858d30d81'\n\t\t\t\tmethod='post'\n\t\t\t\tclass='contact-form commentsblock' aria-label=\"&#039;Vazoda Bahar&#039;\"\n\t\t\t\tdata-wp-on--submit=\"actions.onFormSubmit\"\n\t\t\t\tdata-wp-on--reset=\"actions.onFormReset\"\n\t\t\t\tdata-wp-class--submission-success=\"context.submissionSuccess\"\n\t\t\t\tdata-wp-class--is-first-step=\"state.isFirstStep\"\n\t\t\t\tdata-wp-class--is-last-step=\"state.isLastStep\"\n\t\t\t\tdata-wp-class--is-ajax-form=\"context.useAjax\"\n\t\t\t\tnovalidate >\n<input type='hidden' name='jetpack_contact_form_jwt' value='eyJ0eXAiOiJKV1QiLCJhbGciOiJIUzI1NiJ9.eyJlbmNyeXB0ZWRfYXR0cmlidXRlcyI6IlpwK05iTXhQYkIxRVkvVjNWMmRaYUJXeGRQVzRqZmJESEJBVDBDQmViRVk4dllJTE1kbTNIcVZkS21EK2laOFZma2pZTTZMcUt6UXRPL1NPdVk2TVVpQmFyMVdZdDhZaTBTVmJzZzVmZm9TOWVHNTcxMVZiYVhBakNpTlB4K2FaenkrRzZYT3VyZXNBaG9HeXZpdXU0VzNET3dQODNNOUU0SHlkdXZ3Wkt6VGNTM2trOHBFYzZFMEMwcEhIWlpGZEljTHZRbzhCZ3dIb1U2aWNvbllyaGp5K09ZOUsxRlFpZ1gvQnNrTUI5R1lrRVg0NUgyZVpyTHpRbnQzQVcwR2lJZjd1ZXBDcUp6dUtYcEJ6SlltUjJwaTFPRnE1NzQ3ejlaTndubDlPZE9yYkVDWUZRU2xSQURqNkl5VHk4eVFoSDlmTTJJaFNVQmc1eWJwajg0TDRLM05Ud3BCOWJtQ2tWZUdZZGNjeElmSzVRcjFCcko4ZEdJK3RsMDlxREhCWGNlN3Bjd29tbmxmRHk2YlQ5K1V6cU1TOWN5aldmTmJ2OXowVTkxUWhwVnI1ZTVBd3dxcUdSRVg4enh4ZGFudGZybzNMMlg0S0RXczZtQk8rQVYxVGFzeFZlQ1RQNG1adEdwM2phQXBkTm9RL2hXak5wNmpiejhwVWh0cEI2SGdJN2RoaTNoL0xlNk1JbW8vSDJ2NUx6MEh5VWFVS2NlQ2lXams5Y2RzbTdFdkRYd1F1SGJ3K0pvQ3RPaS9acmRSYWFGTW1hdkIxTjA4aXNnczlHdGNBU0hQU2ZTQWRsRHFRZjY3bzQ3VDBjS0ZnSVpNbk1NZUlpZDU3eVBkMXlQTEZ6emh0aThGSTY4VEtJY0NyZHRoUy9tejEyT3lUcmZmRkh1RnB1anp4SDIzVk0zYVlKdm42dnpqdmVzY3lTT0VJbTFqRkJuV0FwWHp3aTNIQ1VYcTI4Nlord2xhR3BKZEJWV3pPckRvMHRGcWVjYWpQVjYycHFJQjZnMHNEYnVUenFFVFNjYWhrZ0E4a2VlclFydmNXT000akZlU0VVTWtMeVk0dTdnNFJSNmFpV2hiTVE1UWo3M1MxT1Z0WDJEbzlGdmRVZTR5SzhaYU1oYkVZNXlFaGt5c0hkVVN0MmtGZndpd2tMOTRqWUUzejBPclhMZndmYjdCMUFMTE5yNDJBV252SmtQc3dJSDRlbGdLNjYrNXJXVktaaDlXdmh3L0F5MHlzME05QnU5SXhlVHRNSXJTaEdtZU8xMUpNV3dnejd2bS83aHBkNTNwYWJ3YytrUmhxdFI5WFlwbUpDciswKzdRTEJsblJCL09ObVpDUEZReVcycnc4VkozcDRwS1VYSk9BalE4PSIsImNvbnRlbnQiOiJbY29udGFjdC1maWVsZCBsYWJlbD1cIlx1MDEzMHNpbVwiIHR5cGU9XCJuYW1lXCIgIHJlcXVpcmVkPVwidHJ1ZVwiIC9dW2NvbnRhY3QtZmllbGQgbGFiZWw9XCJFLXBvc3RhXCIgdHlwZT1cImVtYWlsXCIgcmVxdWlyZWQ9XCJ0cnVlXCIgL11bY29udGFjdC1maWVsZCBsYWJlbD1cIlx1MDEzMG50ZXJuZXQgc2l0ZXNpXCIgdHlwZT1cInVybFwiIC9dW2NvbnRhY3QtZmllbGQgbGFiZWw9XCJNZXNhalwiIHR5cGU9XCJ0ZXh0YXJlYVwiIC9dIiwiaGFzaCI6ImVkODRkY2JlMzllYmU2ZWE5YmUxMzc1OTAzYWRlYTY4NThkMzBkODEiLCJzb3VyY2UiOnsiZW50cnlfdGl0bGUiOiJcdTIwMThWYXpvZGEgQmFoYXJcdTIwMTkiLCJlbnRyeV9wYWdlIjoxLCJzb3VyY2VfaWQiOjYxMiwic291cmNlX3R5cGUiOiJzaW5nbGUiLCJyZXF1ZXN0X3VybCI6Imh0dHBzOi8vZmRhcnRnYWxsZXJ5LmNvbSJ9LCJ2ZXJzaW9uIjoyLCJjaXBoZXIiOiJhZXMtMjU2LWdjbSJ9.WX_jWUkcsij5S1kpp3ehVHt3EuM3-RjnUa7_B06JKT4' \/>\n\n<div style=\"\"  data-wp-interactive=\"jetpack\/form\" data-wp-context='{\"fieldId\":\"g612-sim\",\"fieldType\":\"name\",\"fieldLabel\":\"\\u0130sim\",\"fieldValue\":\"\",\"fieldPlaceholder\":\"\",\"fieldIsRequired\":\"1\",\"fieldErrorMessage\":\"\",\"fieldExtra\":[],\"formHash\":\"ed84dcbe39ebe6ea9be1375903adea6858d30d81\"}'  class='grunion-field-name-wrap grunion-field-wrap'  data-wp-init='callbacks.initializeField' data-wp-on--jetpack-form-reset='callbacks.initializeField' >\n<label\n\t\t\t\tfor='g612-sim' class=\"grunion-field-label name\" >\u0130sim<span class=\"grunion-label-required\" aria-hidden=\"true\">(gerekli)<\/span><\/label>\n<input\n\t\t\t\t\ttype='text'\n\t\t\t\t\tname='g612-sim'\n\t\t\t\t\tid='g612-sim'\n\t\t\t\t\tvalue=''\n\n\t\t\t\t\tdata-wp-bind--aria-invalid='state.fieldAriaInvalid'\n\t\t\t\t\tdata-wp-bind--value='state.getFieldValue'\n\t\t\t\t\taria-describedby='g612-sim-text-error-message'\n\t\t\t\t\tdata-wp-on--input='actions.onFieldChange'\n\t\t\t\t\tdata-wp-on--blur='actions.onFieldBlur'\n\t\t\t\t\tdata-wp-class--has-value='state.hasFieldValue'\n\n\t\t\t\t\tclass='name  grunion-field' \n\t\t\t\t\trequired='true' aria-required='true'  \/>\n \n\t\t\t<div id=\"g612-sim-text-error\" class=\"contact-form__input-error\" data-wp-class--has-errors=\"state.fieldHasErrors\">\n\t\t\t\t<span class=\"contact-form__warning-icon\" aria-hidden=\"true\">\n\t\t\t\t\t<svg width=\"16\" height=\"16\" viewBox=\"0 0 16 16\" fill=\"none\" xmlns=\"http:\/\/www.w3.org\/2000\/svg\">\n\t\t\t\t\t\t<path d=\"M8.50015 11.6402H7.50015V10.6402H8.50015V11.6402Z\" \/>\n\t\t\t\t\t\t<path d=\"M7.50015 9.64018H8.50015V6.30684H7.50015V9.64018Z\" \/>\n\t\t\t\t\t\t<path fill-rule=\"evenodd\" clip-rule=\"evenodd\" d=\"M6.98331 3.0947C7.42933 2.30177 8.57096 2.30177 9.01698 3.09469L13.8771 11.7349C14.3145 12.5126 13.7525 13.4735 12.8602 13.4735H3.14004C2.24774 13.4735 1.68575 12.5126 2.12321 11.7349L6.98331 3.0947ZM8.14541 3.58496C8.08169 3.47168 7.9186 3.47168 7.85488 3.58496L2.99478 12.2251C2.93229 12.3362 3.01257 12.4735 3.14004 12.4735H12.8602C12.9877 12.4735 13.068 12.3362 13.0055 12.2251L8.14541 3.58496Z\" \/>\n\t\t\t\t\t<\/svg>\n\t\t\t\t<\/span>\n\t\t\t\t<span data-wp-text=\"state.errorMessage\" id=\"g612-sim-text-error-message\"><\/span>\n\t\t\t<\/div> \n\t<\/div>\n\n<div style=\"\"  data-wp-interactive=\"jetpack\/form\" data-wp-context='{\"fieldId\":\"g612-eposta\",\"fieldType\":\"email\",\"fieldLabel\":\"E-posta\",\"fieldValue\":\"\",\"fieldPlaceholder\":\"\",\"fieldIsRequired\":\"1\",\"fieldErrorMessage\":\"\",\"fieldExtra\":[],\"formHash\":\"ed84dcbe39ebe6ea9be1375903adea6858d30d81\"}'  class='grunion-field-email-wrap grunion-field-wrap'  data-wp-init='callbacks.initializeField' data-wp-on--jetpack-form-reset='callbacks.initializeField' >\n<label\n\t\t\t\tfor='g612-eposta' class=\"grunion-field-label email\" >E-posta<span class=\"grunion-label-required\" aria-hidden=\"true\">(gerekli)<\/span><\/label>\n<input\n\t\t\t\t\ttype='email'\n\t\t\t\t\tname='g612-eposta'\n\t\t\t\t\tid='g612-eposta'\n\t\t\t\t\tvalue=''\n\n\t\t\t\t\tdata-wp-bind--aria-invalid='state.fieldAriaInvalid'\n\t\t\t\t\tdata-wp-bind--value='state.getFieldValue'\n\t\t\t\t\taria-describedby='g612-eposta-email-error-message'\n\t\t\t\t\tdata-wp-on--input='actions.onFieldChange'\n\t\t\t\t\tdata-wp-on--blur='actions.onFieldBlur'\n\t\t\t\t\tdata-wp-class--has-value='state.hasFieldValue'\n\n\t\t\t\t\tclass='email  grunion-field' \n\t\t\t\t\trequired='true' aria-required='true'  \/>\n \n\t\t\t<div id=\"g612-eposta-email-error\" class=\"contact-form__input-error\" data-wp-class--has-errors=\"state.fieldHasErrors\">\n\t\t\t\t<span class=\"contact-form__warning-icon\" aria-hidden=\"true\">\n\t\t\t\t\t<svg width=\"16\" height=\"16\" viewBox=\"0 0 16 16\" fill=\"none\" xmlns=\"http:\/\/www.w3.org\/2000\/svg\">\n\t\t\t\t\t\t<path d=\"M8.50015 11.6402H7.50015V10.6402H8.50015V11.6402Z\" \/>\n\t\t\t\t\t\t<path d=\"M7.50015 9.64018H8.50015V6.30684H7.50015V9.64018Z\" \/>\n\t\t\t\t\t\t<path fill-rule=\"evenodd\" clip-rule=\"evenodd\" d=\"M6.98331 3.0947C7.42933 2.30177 8.57096 2.30177 9.01698 3.09469L13.8771 11.7349C14.3145 12.5126 13.7525 13.4735 12.8602 13.4735H3.14004C2.24774 13.4735 1.68575 12.5126 2.12321 11.7349L6.98331 3.0947ZM8.14541 3.58496C8.08169 3.47168 7.9186 3.47168 7.85488 3.58496L2.99478 12.2251C2.93229 12.3362 3.01257 12.4735 3.14004 12.4735H12.8602C12.9877 12.4735 13.068 12.3362 13.0055 12.2251L8.14541 3.58496Z\" \/>\n\t\t\t\t\t<\/svg>\n\t\t\t\t<\/span>\n\t\t\t\t<span data-wp-text=\"state.errorMessage\" id=\"g612-eposta-email-error-message\"><\/span>\n\t\t\t<\/div> \n\t<\/div>\n\n<div style=\"\"  data-wp-interactive=\"jetpack\/form\" data-wp-context='{\"fieldId\":\"g612-nternetsitesi\",\"fieldType\":\"url\",\"fieldLabel\":\"\\u0130nternet sitesi\",\"fieldValue\":\"\",\"fieldPlaceholder\":\"\",\"fieldIsRequired\":\"\",\"fieldErrorMessage\":\"\",\"fieldExtra\":[],\"formHash\":\"ed84dcbe39ebe6ea9be1375903adea6858d30d81\"}'  class='grunion-field-url-wrap grunion-field-wrap'  data-wp-init='callbacks.initializeField' data-wp-on--jetpack-form-reset='callbacks.initializeField' >\n<label\n\t\t\t\tfor='g612-nternetsitesi' class=\"grunion-field-label url\" >\u0130nternet sitesi<\/label>\n<input\n\t\t\t\t\ttype='text'\n\t\t\t\t\tname='g612-nternetsitesi'\n\t\t\t\t\tid='g612-nternetsitesi'\n\t\t\t\t\tvalue=''\n\n\t\t\t\t\tdata-wp-bind--aria-invalid='state.fieldAriaInvalid'\n\t\t\t\t\tdata-wp-bind--value='state.getFieldValue'\n\t\t\t\t\taria-describedby='g612-nternetsitesi-text-error-message'\n\t\t\t\t\tdata-wp-on--input='actions.onFieldChange'\n\t\t\t\t\tdata-wp-on--blur='actions.onFieldBlur'\n\t\t\t\t\tdata-wp-class--has-value='state.hasFieldValue'\n\n\t\t\t\t\tclass='url  grunion-field' \n\t\t\t\t\t \/>\n \n\t\t\t<div id=\"g612-nternetsitesi-text-error\" class=\"contact-form__input-error\" data-wp-class--has-errors=\"state.fieldHasErrors\">\n\t\t\t\t<span class=\"contact-form__warning-icon\" aria-hidden=\"true\">\n\t\t\t\t\t<svg width=\"16\" height=\"16\" viewBox=\"0 0 16 16\" fill=\"none\" xmlns=\"http:\/\/www.w3.org\/2000\/svg\">\n\t\t\t\t\t\t<path d=\"M8.50015 11.6402H7.50015V10.6402H8.50015V11.6402Z\" \/>\n\t\t\t\t\t\t<path d=\"M7.50015 9.64018H8.50015V6.30684H7.50015V9.64018Z\" \/>\n\t\t\t\t\t\t<path fill-rule=\"evenodd\" clip-rule=\"evenodd\" d=\"M6.98331 3.0947C7.42933 2.30177 8.57096 2.30177 9.01698 3.09469L13.8771 11.7349C14.3145 12.5126 13.7525 13.4735 12.8602 13.4735H3.14004C2.24774 13.4735 1.68575 12.5126 2.12321 11.7349L6.98331 3.0947ZM8.14541 3.58496C8.08169 3.47168 7.9186 3.47168 7.85488 3.58496L2.99478 12.2251C2.93229 12.3362 3.01257 12.4735 3.14004 12.4735H12.8602C12.9877 12.4735 13.068 12.3362 13.0055 12.2251L8.14541 3.58496Z\" \/>\n\t\t\t\t\t<\/svg>\n\t\t\t\t<\/span>\n\t\t\t\t<span data-wp-text=\"state.errorMessage\" id=\"g612-nternetsitesi-text-error-message\"><\/span>\n\t\t\t<\/div> \n\t<\/div>\n\n<div style=\"\"  data-wp-interactive=\"jetpack\/form\" data-wp-context='{\"fieldId\":\"g612-mesaj\",\"fieldType\":\"textarea\",\"fieldLabel\":\"Mesaj\",\"fieldValue\":\"\",\"fieldPlaceholder\":\"\",\"fieldIsRequired\":\"\",\"fieldErrorMessage\":\"\",\"fieldExtra\":[],\"formHash\":\"ed84dcbe39ebe6ea9be1375903adea6858d30d81\"}'  class='grunion-field-textarea-wrap grunion-field-wrap'  data-wp-init='callbacks.initializeField' data-wp-on--jetpack-form-reset='callbacks.initializeField' >\n<label\n\t\t\t\tfor='contact-form-comment-g612-mesaj' class=\"grunion-field-label textarea\" >Mesaj<\/label>\n<textarea\n\t\t                style=''\n\t\t                name='g612-mesaj'\n\t\t                id='contact-form-comment-g612-mesaj'\n\t\t                rows='20'\n\t\t\t\t\t\tdata-wp-text='state.getFieldValue'\n\t\t\t\t\t\tdata-wp-on--input='actions.onFieldChange'\n\t\t\t\t\t\tdata-wp-on--blur='actions.onFieldBlur'\n\t\t\t\t\t\tdata-wp-class--has-value='state.hasFieldValue'\n\t\t\t\t\t\taria-describedby='g612-mesaj-textarea-error-message'\n\t\t\t\t\t\tdata-wp-bind--aria-invalid='state.fieldAriaInvalid'\n\t\t\t\t\t\tclass='textarea  grunion-field'  ><\/textarea>\n \n\t\t\t<div id=\"g612-mesaj-textarea-error\" class=\"contact-form__input-error\" data-wp-class--has-errors=\"state.fieldHasErrors\">\n\t\t\t\t<span class=\"contact-form__warning-icon\" aria-hidden=\"true\">\n\t\t\t\t\t<svg width=\"16\" height=\"16\" viewBox=\"0 0 16 16\" fill=\"none\" xmlns=\"http:\/\/www.w3.org\/2000\/svg\">\n\t\t\t\t\t\t<path d=\"M8.50015 11.6402H7.50015V10.6402H8.50015V11.6402Z\" \/>\n\t\t\t\t\t\t<path d=\"M7.50015 9.64018H8.50015V6.30684H7.50015V9.64018Z\" \/>\n\t\t\t\t\t\t<path fill-rule=\"evenodd\" clip-rule=\"evenodd\" d=\"M6.98331 3.0947C7.42933 2.30177 8.57096 2.30177 9.01698 3.09469L13.8771 11.7349C14.3145 12.5126 13.7525 13.4735 12.8602 13.4735H3.14004C2.24774 13.4735 1.68575 12.5126 2.12321 11.7349L6.98331 3.0947ZM8.14541 3.58496C8.08169 3.47168 7.9186 3.47168 7.85488 3.58496L2.99478 12.2251C2.93229 12.3362 3.01257 12.4735 3.14004 12.4735H12.8602C12.9877 12.4735 13.068 12.3362 13.0055 12.2251L8.14541 3.58496Z\" \/>\n\t\t\t\t\t<\/svg>\n\t\t\t\t<\/span>\n\t\t\t\t<span data-wp-text=\"state.errorMessage\" id=\"g612-mesaj-textarea-error-message\"><\/span>\n\t\t\t<\/div>\n\t<\/div>\n\t<p class='contact-submit'>\n<div class=\"contact-form__error\" data-wp-class--show-errors=\"state.showFormErrors\"><span class=\"contact-form__warning-icon\" aria-hidden=\"true\"><i><\/i><\/span><span class=\"contact-form__error-message\" tabindex=\"-1\" data-wp-watch=\"callbacks.focusOnValidationError\" data-wp-text=\"state.getFormErrorMessage\"><\/span><ul aria-label=\"Form hatalar\u0131\">\n\t\t\t\t<template data-wp-each=\"state.getErrorList\" data-wp-key=\"context.item.id\">\n\t\t\t\t\t<li><a data-wp-bind--href=\"context.item.anchor\" data-wp-on--click=\"actions.scrollIntoView\" data-wp-text=\"context.item.label\"><\/a><\/li>\n\t\t\t\t<\/template>\n\t\t\t\t<\/ul><\/div><div class=\"contact-form__error\" data-wp-class--show-errors=\"state.showSubmissionError\" data-wp-text=\"context.submissionError\" tabindex=\"-1\" data-wp-watch=\"callbacks.focusOnSubmissionError\"><\/div>\t\t<button type='submit' class='pushbutton-wide'>G\u00f6nder<\/button>\t\t<input type='hidden' name='contact-form-id' value='612' \/>\n\t\t<input type='hidden' name='action' value='grunion-contact-form' \/>\n\t\t<input type='hidden' name='contact-form-hash' value='ed84dcbe39ebe6ea9be1375903adea6858d30d81' \/>\n\t<\/p>\n<\/form>\n<\/div>\n<p>\u201cPembe Uyan\u0131\u015f\u201d \u2013 Bahar\u0131n Zarif Dokunu\u015fu<br \/>\nCam vazoda hayat bulan pembe magnolia dallar\u0131; tazeli\u011fi, umudu ve yeni ba\u015flang\u0131\u00e7lar\u0131 simgeliyor. Suluboyan\u0131n yumu\u015fak ge\u00e7i\u015fleri ve suyun cam \u00fczerindeki do\u011fal yans\u0131malar\u0131, esere hafif ve ferah bir atmosfer kazand\u0131r\u0131yor. Arka plandaki minimal beyaz alan, \u00e7i\u00e7eklerin canl\u0131l\u0131\u011f\u0131n\u0131 daha da \u00f6n plana \u00e7\u0131kar\u0131yor.<br \/>\nBu tablo bulundu\u011fu ortama \u0131\u015f\u0131k, zarafet ve pozitif bir enerji katar. G\u00fcr\u00fclt\u00fcs\u00fcz ama etkileyici bir \u015f\u0131kl\u0131k sunar.<br \/>\n\u00d6l\u00e7\u00fc: 25&#215;35 cm<br \/>\nNerede Kullanabilirsiniz?<br \/>\n* Salonlarda konsol \u00fcst\u00fcnde ferah bir vurgu olarak<br \/>\n* Yatak odas\u0131nda yumu\u015fak ve romantik bir atmosfer i\u00e7in<br \/>\n* Giri\u015f hol\u00fcnde s\u0131cak ve davetk\u00e2r bir ilk izlenim yaratmak i\u00e7in<br \/>\n* Modern, \u0130skandinav veya minimal dekorasyonlarda tamamlay\u0131c\u0131 par\u00e7a olarak<br \/>\n* Anneler G\u00fcn\u00fc, yeni ev hediyesi veya \u00f6zel g\u00fcnler i\u00e7in anlaml\u0131 bir arma\u011fan olarak<br \/>\nBu eser yaln\u0131zca bir \u00e7i\u00e7ek resmi de\u011fil; yenilenmenin ve zarafetin sembol\u00fcd\u00fcr. Mek\u00e2na canl\u0131l\u0131k ve huzur getirir.<\/p>\n<p>&nbsp;<\/p>\n<p><strong>Evinize bahar\u0131 ta\u015f\u0131y\u0131n!<\/strong>\u00a0Cam vazoda \u015f\u0131k bir \u015fekilde sergilenmi\u015f pembe manolya \u00e7i\u00e7ekleri, suluboya tekni\u011finin t\u00fcm inceli\u011fiyle i\u015flenmi\u015f. Taze, romantik ve huzur verici bir atmosfer yarat\u0131r.<\/p>\n<p>&nbsp;<\/p>\n","protected":false},"excerpt":{"rendered":"<p>\u2728\u00a0<strong>\u00d6ne \u00c7\u0131kan \u00d6zellikler:<\/strong>\u00a0Yumu\u015fak renk ge\u00e7i\u015fleri, botanik do\u011fruluk, \u015feffaf cam detaylar\u0131. Minimal ve zarif kompozisyon.<\/p>\n<p>\ud83c\udfaf\u00a0<strong>Hedef Alan:<\/strong>\u00a0Yatak odalar\u0131, \u00e7ocuk odalar\u0131, wellness merkezleri, g\u00fczellik salonlar\u0131, romantik mekan tasar\u0131mlar\u0131<\/p>\n<p>\u00d6l\u00e7\u00fc:25*35cm<\/p>\n","protected":false},"featured_media":1332,"comment_status":"open","ping_status":"closed","template":"","meta":[],"etheme_brands":[{"term_id":61,"name":"Fd Sanat Okulu","slug":"fd-sanat-okulu","term_group":0,"term_taxonomy_id":61,"taxonomy":"brand","description":"","parent":0,"count":173,"filter":"raw"}],"product_brand":[],"product_cat":[43,73],"product_tag":[],"class_list":{"0":"post-612","1":"product","2":"type-product","3":"status-publish","4":"has-post-thumbnail","6":"brand-fd-sanat-okulu","7":"product_cat-water-color","8":"product_cat-vazoda-cicekler-konulu","10":"first","11":"instock","12":"shipping-taxable","13":"purchasable","14":"product-type-simple"},"jetpack_sharing_enabled":true,"_links":{"self":[{"href":"https:\/\/fdartgallery.com\/index.php?rest_route=\/wp\/v2\/product\/612","targetHints":{"allow":["GET"]}}],"collection":[{"href":"https:\/\/fdartgallery.com\/index.php?rest_route=\/wp\/v2\/product"}],"about":[{"href":"https:\/\/fdartgallery.com\/index.php?rest_route=\/wp\/v2\/types\/product"}],"replies":[{"embeddable":true,"href":"https:\/\/fdartgallery.com\/index.php?rest_route=%2Fwp%2Fv2%2Fcomments&post=612"}],"version-history":[{"count":7,"href":"https:\/\/fdartgallery.com\/index.php?rest_route=\/wp\/v2\/product\/612\/revisions"}],"predecessor-version":[{"id":2490,"href":"https:\/\/fdartgallery.com\/index.php?rest_route=\/wp\/v2\/product\/612\/revisions\/2490"}],"wp:featuredmedia":[{"embeddable":true,"href":"https:\/\/fdartgallery.com\/index.php?rest_route=\/wp\/v2\/media\/1332"}],"wp:attachment":[{"href":"https:\/\/fdartgallery.com\/index.php?rest_route=%2Fwp%2Fv2%2Fmedia&parent=612"}],"wp:term":[{"taxonomy":"brand","embeddable":true,"href":"https:\/\/fdartgallery.com\/index.php?rest_route=%2Fwp%2Fv2%2Fetheme_brands&post=612"},{"taxonomy":"product_brand","embeddable":true,"href":"https:\/\/fdartgallery.com\/index.php?rest_route=%2Fwp%2Fv2%2Fproduct_brand&post=612"},{"taxonomy":"product_cat","embeddable":true,"href":"https:\/\/fdartgallery.com\/index.php?rest_route=%2Fwp%2Fv2%2Fproduct_cat&post=612"},{"taxonomy":"product_tag","embeddable":true,"href":"https:\/\/fdartgallery.com\/index.php?rest_route=%2Fwp%2Fv2%2Fproduct_tag&post=612"}],"curies":[{"name":"wp","href":"https:\/\/api.w.org\/{rel}","templated":true}]}}